{"id":137,"date":"2020-01-20T17:05:58","date_gmt":"2020-01-20T17:05:58","guid":{"rendered":"http:\/\/grupospin.es\/?page_id=137"},"modified":"2025-08-17T10:56:20","modified_gmt":"2025-08-17T10:56:20","slug":"trayectoria-grupo-spin","status":"publish","type":"page","link":"https:\/\/grupospin.es\/en\/trayectoria-grupo-spin\/","title":{"rendered":"Path"},"content":{"rendered":"<div data-elementor-type=\"wp-page\" data-elementor-id=\"137\" class=\"elementor elementor-137\" data-elementor-post-type=\"page\">\n\t\t\t\t<div class=\"elementor-element elementor-element-af36fad e-flex e-con-boxed e-con e-parent\" data-id=\"af36fad\" data-element_type=\"container\" data-e-type=\"container\">\n\t\t\t\t\t<div class=\"e-con-inner\">\n\t\t\t\t<div class=\"elementor-element elementor-element-d093b2c elementor-widget__width-initial elementor-widget elementor-widget-heading\" data-id=\"d093b2c\" data-element_type=\"widget\" data-e-type=\"widget\" data-widget_type=\"heading.default\">\n\t\t\t\t<div class=\"elementor-widget-container\">\n\t\t\t\t\t<h2 class=\"elementor-heading-title elementor-size-default\">PATH<\/h2>\t\t\t\t<\/div>\n\t\t\t\t<\/div>\n\t\t\t\t\t<\/div>\n\t\t\t\t<\/div>\n\t\t\t\t<section class=\"elementor-section elementor-top-section elementor-element elementor-element-f7df287 elementor-section-boxed elementor-section-height-default elementor-section-height-default\" data-id=\"f7df287\" data-element_type=\"section\" data-e-type=\"section\">\n\t\t\t\t\t\t<div class=\"elementor-container elementor-column-gap-default\">\n\t\t\t\t\t<div class=\"elementor-column elementor-col-100 elementor-top-column elementor-element elementor-element-9dd5e37\" data-id=\"9dd5e37\" data-element_type=\"column\" data-e-type=\"column\">\n\t\t\t<div class=\"elementor-widget-wrap elementor-element-populated\">\n\t\t\t\t\t\t<div class=\"elementor-element elementor-element-d8d30d5 elementor-widget elementor-widget-jet-timeline\" data-id=\"d8d30d5\" data-element_type=\"widget\" data-e-type=\"widget\" data-widget_type=\"jet-timeline.default\">\n\t\t\t\t<div class=\"elementor-widget-container\">\n\t\t\t\t\t<div class=\"elementor-jet-timeline jet-elements\"><div class=\"jet-timeline jet-timeline--align-center jet-timeline--align-middle\">\n\t<div class=\"jet-timeline__line\"><div class=\"jet-timeline__line-progress\"><\/div><\/div>\n\t<div class=\"jet-timeline-list\"><div class=\"jet-timeline-item jet-timeline-item--animated elementor-repeater-item-c2cf0f2 jet-timeline-item--image-inside\">\n\t<div class=\"timeline-item__card\">\n\t\t<div class=\"timeline-item__card-inner\">\n\t\t\t\t<div class=\"timeline-item__card-img\"><img fetchpriority=\"high\" decoding=\"async\" width=\"600\" height=\"471\" src=\"https:\/\/grupospin.es\/wp-content\/uploads\/2020\/03\/trayectoria1.jpg\" class=\"attachment-full size-full wp-image-527\" alt=\"\" srcset=\"https:\/\/grupospin.es\/wp-content\/uploads\/2020\/03\/trayectoria1.jpg 600w, https:\/\/grupospin.es\/wp-content\/uploads\/2020\/03\/trayectoria1-300x236.jpg 300w\" sizes=\"(max-width: 600px) 100vw, 600px\" \/><\/div>\t\t\t\t<div class=\"timeline-item__card-content\">\n\t\t\t\t\t<div class=\"timeline-item__meta\"><div class=\"timeline-item__meta-content\">1999<\/div><\/div><h4 class=\"timeline-item__card-title\">Spin is founded<\/h4><div class=\"timeline-item__card-desc\"><strong>SPIN is founded <\/strong> as a construction, electrical and installation company<\/div>\t\t\t\t<\/div>\n\t\t\t\t\t\t<\/div>\n\t\t<div class=\"timeline-item__card-arrow\"><\/div>\n\t<\/div>\n\t<div class=\"timeline-item__point\"><div class=\"timeline-item__point-content timeline-item__point-content--icon\"><span class=\"jet-elements-icon\"><i aria-hidden=\"true\" class=\"fas fa-calendar-alt\"><\/i><\/span><\/div><\/div><div class=\"timeline-item__meta\"><div class=\"timeline-item__meta-content\">1999<\/div><\/div><\/div><div class=\"jet-timeline-item jet-timeline-item--animated elementor-repeater-item-333a4c5 jet-timeline-item--image-inside\">\n\t<div class=\"timeline-item__card\">\n\t\t<div class=\"timeline-item__card-inner\">\n\t\t\t\t<div class=\"timeline-item__card-img\"><img decoding=\"async\" width=\"852\" height=\"228\" src=\"https:\/\/grupospin.es\/wp-content\/uploads\/2020\/03\/logos-clientes.jpg\" class=\"attachment-full size-full wp-image-525\" alt=\"\" srcset=\"https:\/\/grupospin.es\/wp-content\/uploads\/2020\/03\/logos-clientes.jpg 852w, https:\/\/grupospin.es\/wp-content\/uploads\/2020\/03\/logos-clientes-300x80.jpg 300w, https:\/\/grupospin.es\/wp-content\/uploads\/2020\/03\/logos-clientes-768x206.jpg 768w\" sizes=\"(max-width: 852px) 100vw, 852px\" \/><\/div>\t\t\t\t<div class=\"timeline-item__card-content\">\n\t\t\t\t\t<div class=\"timeline-item__meta\"><div class=\"timeline-item__meta-content\">2001<\/div><\/div><h4 class=\"timeline-item__card-title\">The company specializes in Retail<\/h4><div class=\"timeline-item__card-desc\"><strong>More than 150 stores and major projects <\/strong> for brands such as Blanco, Inside, H&amp;M, Desigual, Tous, Real Madrid, Phonehouse\u2026<\/div>\t\t\t\t<\/div>\n\t\t\t\t\t\t<\/div>\n\t\t<div class=\"timeline-item__card-arrow\"><\/div>\n\t<\/div>\n\t<div class=\"timeline-item__point\"><div class=\"timeline-item__point-content timeline-item__point-content--icon\"><span class=\"jet-elements-icon\"><i aria-hidden=\"true\" class=\"fas fa-calendar-alt\"><\/i><\/span><\/div><\/div><div class=\"timeline-item__meta\"><div class=\"timeline-item__meta-content\">2001<\/div><\/div><\/div><div class=\"jet-timeline-item jet-timeline-item--animated elementor-repeater-item-388ddd9 jet-timeline-item--image-inside\">\n\t<div class=\"timeline-item__card\">\n\t\t<div class=\"timeline-item__card-inner\">\n\t\t\t\t<div class=\"timeline-item__card-img\"><img decoding=\"async\" width=\"768\" height=\"576\" src=\"https:\/\/grupospin.es\/wp-content\/uploads\/2020\/05\/1_CRECEMOS-768x576.jpg\" class=\"attachment-medium_large size-medium_large wp-image-619\" alt=\"\" srcset=\"https:\/\/grupospin.es\/wp-content\/uploads\/2020\/05\/1_CRECEMOS-768x576.jpg 768w, https:\/\/grupospin.es\/wp-content\/uploads\/2020\/05\/1_CRECEMOS-300x225.jpg 300w, https:\/\/grupospin.es\/wp-content\/uploads\/2020\/05\/1_CRECEMOS-1024x768.jpg 1024w, https:\/\/grupospin.es\/wp-content\/uploads\/2020\/05\/1_CRECEMOS.jpg 1200w\" sizes=\"(max-width: 768px) 100vw, 768px\" \/><\/div>\t\t\t\t<div class=\"timeline-item__card-content\">\n\t\t\t\t\t<div class=\"timeline-item__meta\"><div class=\"timeline-item__meta-content\">2004<\/div><\/div><h4 class=\"timeline-item__card-title\">We grow<\/h4><div class=\"timeline-item__card-desc\"><strong>The volume of projects is growing<\/strong> and thus increases the workforce (80 people).<\/div>\t\t\t\t<\/div>\n\t\t\t\t\t\t<\/div>\n\t\t<div class=\"timeline-item__card-arrow\"><\/div>\n\t<\/div>\n\t<div class=\"timeline-item__point\"><div class=\"timeline-item__point-content timeline-item__point-content--icon\"><span class=\"jet-elements-icon\"><i aria-hidden=\"true\" class=\"fas fa-people-carry\"><\/i><\/span><\/div><\/div><div class=\"timeline-item__meta\"><div class=\"timeline-item__meta-content\">2004<\/div><\/div><\/div><div class=\"jet-timeline-item jet-timeline-item--animated elementor-repeater-item-f01f0ff jet-timeline-item--image-inside\">\n\t<div class=\"timeline-item__card\">\n\t\t<div class=\"timeline-item__card-inner\">\n\t\t\t\t<div class=\"timeline-item__card-img\"><img loading=\"lazy\" decoding=\"async\" width=\"768\" height=\"576\" src=\"https:\/\/grupospin.es\/wp-content\/uploads\/2020\/05\/2_ILUMINACION-768x576.jpg\" class=\"attachment-medium_large size-medium_large wp-image-621\" alt=\"\" srcset=\"https:\/\/grupospin.es\/wp-content\/uploads\/2020\/05\/2_ILUMINACION-768x576.jpg 768w, https:\/\/grupospin.es\/wp-content\/uploads\/2020\/05\/2_ILUMINACION-300x225.jpg 300w, https:\/\/grupospin.es\/wp-content\/uploads\/2020\/05\/2_ILUMINACION-1024x768.jpg 1024w, https:\/\/grupospin.es\/wp-content\/uploads\/2020\/05\/2_ILUMINACION.jpg 1200w\" sizes=\"(max-width: 768px) 100vw, 768px\" \/><\/div>\t\t\t\t<div class=\"timeline-item__card-content\">\n\t\t\t\t\t<div class=\"timeline-item__meta\"><div class=\"timeline-item__meta-content\">2008-2010<\/div><\/div><h4 class=\"timeline-item__card-title\">Great development in lighting projects.<\/h4><div class=\"timeline-item__card-desc\">Home automation work in companies like ING Museum work\n<\/div>\t\t\t\t<\/div>\n\t\t\t\t\t\t<\/div>\n\t\t<div class=\"timeline-item__card-arrow\"><\/div>\n\t<\/div>\n\t<div class=\"timeline-item__point\"><div class=\"timeline-item__point-content timeline-item__point-content--icon\"><span class=\"jet-elements-icon\"><i aria-hidden=\"true\" class=\"fas fa-lightbulb\"><\/i><\/span><\/div><\/div><div class=\"timeline-item__meta\"><div class=\"timeline-item__meta-content\">2008-2010<\/div><\/div><\/div><div class=\"jet-timeline-item jet-timeline-item--animated elementor-repeater-item-91a6667 jet-timeline-item--image-inside\">\n\t<div class=\"timeline-item__card\">\n\t\t<div class=\"timeline-item__card-inner\">\n\t\t\t\t<div class=\"timeline-item__card-img\"><img loading=\"lazy\" decoding=\"async\" width=\"768\" height=\"576\" src=\"https:\/\/grupospin.es\/wp-content\/uploads\/2020\/05\/3_INTERNACIONALES-768x576.jpg\" class=\"attachment-medium_large size-medium_large wp-image-624\" alt=\"\" srcset=\"https:\/\/grupospin.es\/wp-content\/uploads\/2020\/05\/3_INTERNACIONALES-768x576.jpg 768w, https:\/\/grupospin.es\/wp-content\/uploads\/2020\/05\/3_INTERNACIONALES-300x225.jpg 300w, https:\/\/grupospin.es\/wp-content\/uploads\/2020\/05\/3_INTERNACIONALES-1024x768.jpg 1024w, https:\/\/grupospin.es\/wp-content\/uploads\/2020\/05\/3_INTERNACIONALES.jpg 1200w\" sizes=\"(max-width: 768px) 100vw, 768px\" \/><\/div>\t\t\t\t<div class=\"timeline-item__card-content\">\n\t\t\t\t\t<div class=\"timeline-item__meta\"><div class=\"timeline-item__meta-content\">2012<\/div><\/div><h4 class=\"timeline-item__card-title\">We are going international<\/h4><div class=\"timeline-item__card-desc\">Marketing lighting in international markets: China, Uzbekistan, Lithuania\u2026\n<\/div>\t\t\t\t<\/div>\n\t\t\t\t\t\t<\/div>\n\t\t<div class=\"timeline-item__card-arrow\"><\/div>\n\t<\/div>\n\t<div class=\"timeline-item__point\"><div class=\"timeline-item__point-content timeline-item__point-content--icon\"><span class=\"jet-elements-icon\"><i aria-hidden=\"true\" class=\"fas fa-globe-europe\"><\/i><\/span><\/div><\/div><div class=\"timeline-item__meta\"><div class=\"timeline-item__meta-content\">2012<\/div><\/div><\/div><div class=\"jet-timeline-item jet-timeline-item--animated elementor-repeater-item-c388e7f jet-timeline-item--image-inside\">\n\t<div class=\"timeline-item__card\">\n\t\t<div class=\"timeline-item__card-inner\">\n\t\t\t\t<div class=\"timeline-item__card-img\"><img loading=\"lazy\" decoding=\"async\" width=\"768\" height=\"1018\" src=\"https:\/\/grupospin.es\/wp-content\/uploads\/2020\/05\/4_REFERENCIA-768x1018.jpg\" class=\"attachment-medium_large size-medium_large wp-image-635\" alt=\"\" srcset=\"https:\/\/grupospin.es\/wp-content\/uploads\/2020\/05\/4_REFERENCIA-768x1018.jpg 768w, https:\/\/grupospin.es\/wp-content\/uploads\/2020\/05\/4_REFERENCIA-226x300.jpg 226w, https:\/\/grupospin.es\/wp-content\/uploads\/2020\/05\/4_REFERENCIA-773x1024.jpg 773w, https:\/\/grupospin.es\/wp-content\/uploads\/2020\/05\/4_REFERENCIA.jpg 800w\" sizes=\"(max-width: 768px) 100vw, 768px\" \/><\/div>\t\t\t\t<div class=\"timeline-item__card-content\">\n\t\t\t\t\t<div class=\"timeline-item__meta\"><div class=\"timeline-item__meta-content\">2013 - 2016<\/div><\/div><h4 class=\"timeline-item__card-title\">We are a reference<\/h4><div class=\"timeline-item__card-desc\">Desigual&#039;s iconic store in Barcelona&#039;s Maremagnum Shopping Center. Major hospitality projects: Lakasa Restaurant in Madrid<\/div>\t\t\t\t<\/div>\n\t\t\t\t\t\t<\/div>\n\t\t<div class=\"timeline-item__card-arrow\"><\/div>\n\t<\/div>\n\t<div class=\"timeline-item__point\"><div class=\"timeline-item__point-content timeline-item__point-content--icon\"><span class=\"jet-elements-icon\"><i aria-hidden=\"true\" class=\"fas fa-child\"><\/i><\/span><\/div><\/div><div class=\"timeline-item__meta\"><div class=\"timeline-item__meta-content\">2013 - 2016<\/div><\/div><\/div><div class=\"jet-timeline-item jet-timeline-item--animated elementor-repeater-item-7a5fa09 jet-timeline-item--image-inside\">\n\t<div class=\"timeline-item__card\">\n\t\t<div class=\"timeline-item__card-inner\">\n\t\t\t\t<div class=\"timeline-item__card-img\"><img loading=\"lazy\" decoding=\"async\" width=\"1200\" height=\"900\" src=\"https:\/\/grupospin.es\/wp-content\/uploads\/2020\/05\/5_HOSTELERIA.jpg\" class=\"attachment-full size-full wp-image-626\" alt=\"\" srcset=\"https:\/\/grupospin.es\/wp-content\/uploads\/2020\/05\/5_HOSTELERIA.jpg 1200w, https:\/\/grupospin.es\/wp-content\/uploads\/2020\/05\/5_HOSTELERIA-300x225.jpg 300w, https:\/\/grupospin.es\/wp-content\/uploads\/2020\/05\/5_HOSTELERIA-1024x768.jpg 1024w, https:\/\/grupospin.es\/wp-content\/uploads\/2020\/05\/5_HOSTELERIA-768x576.jpg 768w\" sizes=\"(max-width: 1200px) 100vw, 1200px\" \/><\/div>\t\t\t\t<div class=\"timeline-item__card-content\">\n\t\t\t\t\t<div class=\"timeline-item__meta\"><div class=\"timeline-item__meta-content\">2019-2025<\/div><\/div><h4 class=\"timeline-item__card-title\">Comprehensive introduction to the hospitality sector.<\/h4><div class=\"timeline-item__card-desc\"><p><strong>Groups like<\/strong> Beer&amp;Food: <strong>Carl&#039;s Jr, Tony Roman&#039;s, La Chelinda, Tommy Mel&#039;s, Gambrinus.<\/strong><br>\nRestaurants like <strong>Bang Cook<\/strong> and Fokacha. <br>\n<\/p>\n<p>\nFramework agreement in the pharmaceutical sector <strong>with the CONCEP Group.<\/strong> <\/p>\nPerformances for <strong> in Airports and Stations<\/strong>\n<\/div>\t\t\t\t<\/div>\n\t\t\t\t\t\t<\/div>\n\t\t<div class=\"timeline-item__card-arrow\"><\/div>\n\t<\/div>\n\t<div class=\"timeline-item__point\"><div class=\"timeline-item__point-content timeline-item__point-content--icon\"><span class=\"jet-elements-icon\"><i aria-hidden=\"true\" class=\"far fa-bell\"><\/i><\/span><\/div><\/div><div class=\"timeline-item__meta\"><div class=\"timeline-item__meta-content\">2019-2025<\/div><\/div><\/div><\/div><\/div><\/div>\t\t\t\t<\/div>\n\t\t\t\t<\/div>\n\t\t\t\t\t<\/div>\n\t\t<\/div>\n\t\t\t\t\t<\/div>\n\t\t<\/section>\n\t\t\t\t<\/div>","protected":false},"excerpt":{"rendered":"<p>TRAYECTORIA 1999 Se funda Spin Se funda SPIN como empresa de construcciones, electricidad e instalaciones 1999 2001 La empresa se especializa en Retail M\u00e1s de 150 tiendas y grandes proyectos para marcas como Blanco, Inside, H&#038;M, Desigual, Tous, Real Madrid, Phonehouse\u2026 2001 2004 Crecemos Crece el volumen de proyectos y con ello aumenta la plantilla [&hellip;]<\/p>\n","protected":false},"author":4,"featured_media":849,"parent":0,"menu_order":16,"comment_status":"closed","ping_status":"closed","template":"","meta":{"_acf_changed":false,"inline_featured_image":false,"footnotes":""},"class_list":["post-137","page","type-page","status-publish","has-post-thumbnail","hentry"],"acf":[],"yoast_head":"<!-- This site is optimized with the Yoast SEO plugin v27.4 - https:\/\/yoast.com\/product\/yoast-seo-wordpress\/ -->\n<title>Trayectoria - Grupo Spin<\/title>\n<meta name=\"description\" content=\"Grupo Spin es una empresa de reformas y construcci\u00f3n con m\u00e1s de 20 a\u00f1os de experiencia al servicio del crecimiento de sus clientes.\" \/>\n<meta name=\"robots\" content=\"index, follow, max-snippet:-1, max-image-preview:large, max-video-preview:-1\" \/>\n<link rel=\"canonical\" href=\"https:\/\/grupospin.es\/en\/trayectoria-grupo-spin\/\" \/>\n<meta property=\"og:locale\" content=\"en_GB\" \/>\n<meta property=\"og:type\" content=\"article\" \/>\n<meta property=\"og:title\" content=\"Trayectoria - Grupo Spin\" \/>\n<meta property=\"og:description\" content=\"Grupo Spin es una empresa de reformas y construcci\u00f3n con m\u00e1s de 20 a\u00f1os de experiencia al servicio del crecimiento de sus clientes.\" \/>\n<meta property=\"og:url\" content=\"https:\/\/grupospin.es\/en\/trayectoria-grupo-spin\/\" \/>\n<meta property=\"og:site_name\" content=\"Grupo Spin\" \/>\n<meta property=\"article:modified_time\" content=\"2025-08-17T10:56:20+00:00\" \/>\n<meta property=\"og:image\" content=\"http:\/\/grupospin.es\/wp-content\/uploads\/2020\/05\/PARALATRAYECTORIA-e1591264942703.jpg\" \/>\n\t<meta property=\"og:image:width\" content=\"1200\" \/>\n\t<meta property=\"og:image:height\" content=\"858\" \/>\n\t<meta property=\"og:image:type\" content=\"image\/jpeg\" \/>\n<meta name=\"twitter:card\" content=\"summary_large_image\" \/>\n<meta name=\"twitter:label1\" content=\"Estimated reading time\" \/>\n\t<meta name=\"twitter:data1\" content=\"3 minutes\" \/>\n<script type=\"application\/ld+json\" class=\"yoast-schema-graph\">{\"@context\":\"https:\\\/\\\/schema.org\",\"@graph\":[{\"@type\":\"WebPage\",\"@id\":\"https:\\\/\\\/grupospin.es\\\/trayectoria-grupo-spin\\\/\",\"url\":\"https:\\\/\\\/grupospin.es\\\/trayectoria-grupo-spin\\\/\",\"name\":\"Trayectoria - Grupo Spin\",\"isPartOf\":{\"@id\":\"https:\\\/\\\/grupospin.es\\\/#website\"},\"primaryImageOfPage\":{\"@id\":\"https:\\\/\\\/grupospin.es\\\/trayectoria-grupo-spin\\\/#primaryimage\"},\"image\":{\"@id\":\"https:\\\/\\\/grupospin.es\\\/trayectoria-grupo-spin\\\/#primaryimage\"},\"thumbnailUrl\":\"https:\\\/\\\/grupospin.es\\\/wp-content\\\/uploads\\\/2020\\\/05\\\/PARALATRAYECTORIA-e1591264942703.jpg\",\"datePublished\":\"2020-01-20T17:05:58+00:00\",\"dateModified\":\"2025-08-17T10:56:20+00:00\",\"description\":\"Grupo Spin es una empresa de reformas y construcci\u00f3n con m\u00e1s de 20 a\u00f1os de experiencia al servicio del crecimiento de sus clientes.\",\"breadcrumb\":{\"@id\":\"https:\\\/\\\/grupospin.es\\\/trayectoria-grupo-spin\\\/#breadcrumb\"},\"inLanguage\":\"en-GB\",\"potentialAction\":[{\"@type\":\"ReadAction\",\"target\":[\"https:\\\/\\\/grupospin.es\\\/trayectoria-grupo-spin\\\/\"]}]},{\"@type\":\"ImageObject\",\"inLanguage\":\"en-GB\",\"@id\":\"https:\\\/\\\/grupospin.es\\\/trayectoria-grupo-spin\\\/#primaryimage\",\"url\":\"https:\\\/\\\/grupospin.es\\\/wp-content\\\/uploads\\\/2020\\\/05\\\/PARALATRAYECTORIA-e1591264942703.jpg\",\"contentUrl\":\"https:\\\/\\\/grupospin.es\\\/wp-content\\\/uploads\\\/2020\\\/05\\\/PARALATRAYECTORIA-e1591264942703.jpg\",\"width\":1200,\"height\":858},{\"@type\":\"BreadcrumbList\",\"@id\":\"https:\\\/\\\/grupospin.es\\\/trayectoria-grupo-spin\\\/#breadcrumb\",\"itemListElement\":[{\"@type\":\"ListItem\",\"position\":1,\"name\":\"Portada\",\"item\":\"https:\\\/\\\/grupospin.es\\\/\"},{\"@type\":\"ListItem\",\"position\":2,\"name\":\"Trayectoria\"}]},{\"@type\":\"WebSite\",\"@id\":\"https:\\\/\\\/grupospin.es\\\/#website\",\"url\":\"https:\\\/\\\/grupospin.es\\\/\",\"name\":\"Grupo Spin\",\"description\":\"Grupo Spin\",\"publisher\":{\"@id\":\"https:\\\/\\\/grupospin.es\\\/#organization\"},\"potentialAction\":[{\"@type\":\"SearchAction\",\"target\":{\"@type\":\"EntryPoint\",\"urlTemplate\":\"https:\\\/\\\/grupospin.es\\\/?s={search_term_string}\"},\"query-input\":{\"@type\":\"PropertyValueSpecification\",\"valueRequired\":true,\"valueName\":\"search_term_string\"}}],\"inLanguage\":\"en-GB\"},{\"@type\":\"Organization\",\"@id\":\"https:\\\/\\\/grupospin.es\\\/#organization\",\"name\":\"Gruop Spin\",\"url\":\"https:\\\/\\\/grupospin.es\\\/\",\"logo\":{\"@type\":\"ImageObject\",\"inLanguage\":\"en-GB\",\"@id\":\"https:\\\/\\\/grupospin.es\\\/#\\\/schema\\\/logo\\\/image\\\/\",\"url\":\"https:\\\/\\\/grupospin.es\\\/wp-content\\\/uploads\\\/2019\\\/11\\\/LOGOSPIN.svg\",\"contentUrl\":\"https:\\\/\\\/grupospin.es\\\/wp-content\\\/uploads\\\/2019\\\/11\\\/LOGOSPIN.svg\",\"caption\":\"Gruop Spin\"},\"image\":{\"@id\":\"https:\\\/\\\/grupospin.es\\\/#\\\/schema\\\/logo\\\/image\\\/\"}}]}<\/script>\n<!-- \/ Yoast SEO plugin. -->","yoast_head_json":{"title":"Trayectoria - Grupo Spin","description":"Grupo Spin es una empresa de reformas y construcci\u00f3n con m\u00e1s de 20 a\u00f1os de experiencia al servicio del crecimiento de sus clientes.","robots":{"index":"index","follow":"follow","max-snippet":"max-snippet:-1","max-image-preview":"max-image-preview:large","max-video-preview":"max-video-preview:-1"},"canonical":"https:\/\/grupospin.es\/en\/trayectoria-grupo-spin\/","og_locale":"en_GB","og_type":"article","og_title":"Trayectoria - Grupo Spin","og_description":"Grupo Spin es una empresa de reformas y construcci\u00f3n con m\u00e1s de 20 a\u00f1os de experiencia al servicio del crecimiento de sus clientes.","og_url":"https:\/\/grupospin.es\/en\/trayectoria-grupo-spin\/","og_site_name":"Grupo Spin","article_modified_time":"2025-08-17T10:56:20+00:00","og_image":[{"width":1200,"height":858,"url":"http:\/\/grupospin.es\/wp-content\/uploads\/2020\/05\/PARALATRAYECTORIA-e1591264942703.jpg","type":"image\/jpeg"}],"twitter_card":"summary_large_image","twitter_misc":{"Estimated reading time":"3 minutes"},"schema":{"@context":"https:\/\/schema.org","@graph":[{"@type":"WebPage","@id":"https:\/\/grupospin.es\/trayectoria-grupo-spin\/","url":"https:\/\/grupospin.es\/trayectoria-grupo-spin\/","name":"Trayectoria - Grupo Spin","isPartOf":{"@id":"https:\/\/grupospin.es\/#website"},"primaryImageOfPage":{"@id":"https:\/\/grupospin.es\/trayectoria-grupo-spin\/#primaryimage"},"image":{"@id":"https:\/\/grupospin.es\/trayectoria-grupo-spin\/#primaryimage"},"thumbnailUrl":"https:\/\/grupospin.es\/wp-content\/uploads\/2020\/05\/PARALATRAYECTORIA-e1591264942703.jpg","datePublished":"2020-01-20T17:05:58+00:00","dateModified":"2025-08-17T10:56:20+00:00","description":"Grupo Spin es una empresa de reformas y construcci\u00f3n con m\u00e1s de 20 a\u00f1os de experiencia al servicio del crecimiento de sus clientes.","breadcrumb":{"@id":"https:\/\/grupospin.es\/trayectoria-grupo-spin\/#breadcrumb"},"inLanguage":"en-GB","potentialAction":[{"@type":"ReadAction","target":["https:\/\/grupospin.es\/trayectoria-grupo-spin\/"]}]},{"@type":"ImageObject","inLanguage":"en-GB","@id":"https:\/\/grupospin.es\/trayectoria-grupo-spin\/#primaryimage","url":"https:\/\/grupospin.es\/wp-content\/uploads\/2020\/05\/PARALATRAYECTORIA-e1591264942703.jpg","contentUrl":"https:\/\/grupospin.es\/wp-content\/uploads\/2020\/05\/PARALATRAYECTORIA-e1591264942703.jpg","width":1200,"height":858},{"@type":"BreadcrumbList","@id":"https:\/\/grupospin.es\/trayectoria-grupo-spin\/#breadcrumb","itemListElement":[{"@type":"ListItem","position":1,"name":"Portada","item":"https:\/\/grupospin.es\/"},{"@type":"ListItem","position":2,"name":"Trayectoria"}]},{"@type":"WebSite","@id":"https:\/\/grupospin.es\/#website","url":"https:\/\/grupospin.es\/","name":"Spin Group","description":"Spin Group","publisher":{"@id":"https:\/\/grupospin.es\/#organization"},"potentialAction":[{"@type":"SearchAction","target":{"@type":"EntryPoint","urlTemplate":"https:\/\/grupospin.es\/?s={search_term_string}"},"query-input":{"@type":"PropertyValueSpecification","valueRequired":true,"valueName":"search_term_string"}}],"inLanguage":"en-GB"},{"@type":"Organization","@id":"https:\/\/grupospin.es\/#organization","name":"Grupop Spin","url":"https:\/\/grupospin.es\/","logo":{"@type":"ImageObject","inLanguage":"en-GB","@id":"https:\/\/grupospin.es\/#\/schema\/logo\/image\/","url":"https:\/\/grupospin.es\/wp-content\/uploads\/2019\/11\/LOGOSPIN.svg","contentUrl":"https:\/\/grupospin.es\/wp-content\/uploads\/2019\/11\/LOGOSPIN.svg","caption":"Gruop Spin"},"image":{"@id":"https:\/\/grupospin.es\/#\/schema\/logo\/image\/"}}]}},"_links":{"self":[{"href":"https:\/\/grupospin.es\/en\/wp-json\/wp\/v2\/pages\/137","targetHints":{"allow":["GET"]}}],"collection":[{"href":"https:\/\/grupospin.es\/en\/wp-json\/wp\/v2\/pages"}],"about":[{"href":"https:\/\/grupospin.es\/en\/wp-json\/wp\/v2\/types\/page"}],"author":[{"embeddable":true,"href":"https:\/\/grupospin.es\/en\/wp-json\/wp\/v2\/users\/4"}],"replies":[{"embeddable":true,"href":"https:\/\/grupospin.es\/en\/wp-json\/wp\/v2\/comments?post=137"}],"version-history":[{"count":47,"href":"https:\/\/grupospin.es\/en\/wp-json\/wp\/v2\/pages\/137\/revisions"}],"predecessor-version":[{"id":5169,"href":"https:\/\/grupospin.es\/en\/wp-json\/wp\/v2\/pages\/137\/revisions\/5169"}],"wp:featuredmedia":[{"embeddable":true,"href":"https:\/\/grupospin.es\/en\/wp-json\/wp\/v2\/media\/849"}],"wp:attachment":[{"href":"https:\/\/grupospin.es\/en\/wp-json\/wp\/v2\/media?parent=137"}],"curies":[{"name":"wp","href":"https:\/\/api.w.org\/{rel}","templated":true}]}}