{"id":33,"date":"2019-11-27T16:51:18","date_gmt":"2019-11-27T16:51:18","guid":{"rendered":"http:\/\/grupospin.es\/?page_id=33"},"modified":"2020-05-18T20:50:08","modified_gmt":"2020-05-18T20:50:08","slug":"spin-empresa-de-reformas","status":"publish","type":"page","link":"https:\/\/grupospin.es\/en\/spin-empresa-de-reformas\/","title":{"rendered":"Especializaci\u00f3n y experiencia"},"content":{"rendered":"<p>At Spin, we put a multidisciplinary team specializing in construction and renovations, with more than 20 years of experience, at the service of our clients&#039; growth and expansion.<\/p>\r\n\r\n\r\n\r\n<h2 class=\"wp-block-heading\">TURNKEY<\/h2>\r\n\r\n\r\n\r\n<p><strong>We manage projects from the delivery of the premises by the client until the completion of the work and its opening.<\/strong>, including surveying plans, opening and operating projects, obtaining building and operating permits, preparing budgets, executing works and installations, and commissioning. <strong>Always adapting to the requested aesthetic and functional requirements.<\/strong><\/p>\r\n\r\n\r\n\r\n<h2 class=\"wp-block-heading\">COMMERCIAL AND RESIDENTIAL CONSTRUCTION<\/h2>\r\n\r\n\r\n\r\n<p><strong>Budgeting, quality of finishes and design, and optimization of execution times are the cornerstones of our construction team&#039;s work.<\/strong> led by technical architects.<br \/>In addition, we offer all our experience and knowledge to advise developers and project managers, ensuring the satisfaction of all stakeholders involved in a project.<\/p>\r\n\r\n\r\n\r\n<h2 class=\"wp-block-heading\">ELECTRICAL INSTALLATIONS<\/h2>\r\n\r\n\r\n\r\n<p>With our team of engineers and electrical teachers, <strong>We independently carry out any type of medium and low voltage electrical installation, home automation, security and sound.<\/strong><br \/>We have the ability to draft and sign projects and bulletins, legalize installations, and advise and manage the contracting of supplies at our clients&#039; request.<\/p>\r\n\r\n\r\n\r\n<h2 class=\"wp-block-heading\">LIGHTING STUDIES<\/h2>\r\n\r\n\r\n\r\n<p>The ambiance and luminance appropriate for each space and its use, as well as the care for the quality of the products, their durability and the consumption of the equipment are the areas where our lighting design experts focus their studies in each project, <strong>always seeking maximum economic optimization for the client.<\/strong> <br \/>Due to this extensive operation, we also distribute light bulbs, lamps, and transformation equipment, with very competitive prices.<\/p>","protected":false},"excerpt":{"rendered":"<p>En Spin, ponemos un equipo multidisciplinar especializado en las construcciones y las reformas, con m\u00e1s de 20 a\u00f1os de experiencia, al servicio del crecimiento y expansi\u00f3n de nuestros clientes. LLAVE EN MANO Gestionamos los proyectos desde la entrega del local por parte del cliente hasta la finalizaci\u00f3n de los trabajos y apertura del mismo, incluyendo [&hellip;]<\/p>\n","protected":false},"author":4,"featured_media":877,"parent":0,"menu_order":13,"comment_status":"closed","ping_status":"closed","template":"","meta":{"_acf_changed":false,"inline_featured_image":false,"footnotes":""},"class_list":["post-33","page","type-page","status-publish","has-post-thumbnail","hentry"],"acf":[],"yoast_head":"<!-- This site is optimized with the Yoast SEO plugin v27.4 - https:\/\/yoast.com\/product\/yoast-seo-wordpress\/ -->\n<title>Especializaci\u00f3n y experiencia - Grupo Spin<\/title>\n<meta name=\"description\" content=\"Empresa de reformas y construcciones Spin, un equipo multidisciplinar con m\u00e1s de 20 a\u00f1os de experiencia al servicio del crecimiento de nuestros clientes.\" \/>\n<meta name=\"robots\" content=\"index, follow, max-snippet:-1, max-image-preview:large, max-video-preview:-1\" \/>\n<link rel=\"canonical\" href=\"http:\/\/grupospin.es\/en\/spin-empresa-de-reformas\/\" \/>\n<meta property=\"og:locale\" content=\"en_GB\" \/>\n<meta property=\"og:type\" content=\"article\" \/>\n<meta property=\"og:title\" content=\"Especializaci\u00f3n y experiencia - Grupo Spin\" \/>\n<meta property=\"og:description\" content=\"Empresa de reformas y construcciones Spin, un equipo multidisciplinar con m\u00e1s de 20 a\u00f1os de experiencia al servicio del crecimiento de nuestros clientes.\" \/>\n<meta property=\"og:url\" content=\"http:\/\/grupospin.es\/en\/spin-empresa-de-reformas\/\" \/>\n<meta property=\"og:site_name\" content=\"Grupo Spin\" \/>\n<meta property=\"article:modified_time\" content=\"2020-05-18T20:50:08+00:00\" \/>\n<meta property=\"og:image\" content=\"http:\/\/grupospin.es\/wp-content\/uploads\/2020\/05\/servicios-1.jpg\" \/>\n\t<meta property=\"og:image:width\" content=\"1200\" \/>\n\t<meta property=\"og:image:height\" content=\"900\" \/>\n\t<meta property=\"og:image:type\" content=\"image\/jpeg\" \/>\n<meta name=\"twitter:card\" content=\"summary_large_image\" \/>\n<meta name=\"twitter:label1\" content=\"Estimated reading time\" \/>\n\t<meta name=\"twitter:data1\" content=\"2 minutes\" \/>\n<script type=\"application\/ld+json\" class=\"yoast-schema-graph\">{\"@context\":\"https:\\\/\\\/schema.org\",\"@graph\":[{\"@type\":\"WebPage\",\"@id\":\"http:\\\/\\\/grupospin.es\\\/spin-empresa-de-reformas\\\/\",\"url\":\"http:\\\/\\\/grupospin.es\\\/spin-empresa-de-reformas\\\/\",\"name\":\"Especializaci\u00f3n y experiencia - Grupo Spin\",\"isPartOf\":{\"@id\":\"https:\\\/\\\/grupospin.es\\\/#website\"},\"primaryImageOfPage\":{\"@id\":\"http:\\\/\\\/grupospin.es\\\/spin-empresa-de-reformas\\\/#primaryimage\"},\"image\":{\"@id\":\"http:\\\/\\\/grupospin.es\\\/spin-empresa-de-reformas\\\/#primaryimage\"},\"thumbnailUrl\":\"https:\\\/\\\/grupospin.es\\\/wp-content\\\/uploads\\\/2020\\\/05\\\/servicios-1.jpg\",\"datePublished\":\"2019-11-27T16:51:18+00:00\",\"dateModified\":\"2020-05-18T20:50:08+00:00\",\"description\":\"Empresa de reformas y construcciones Spin, un equipo multidisciplinar con m\u00e1s de 20 a\u00f1os de experiencia al servicio del crecimiento de nuestros clientes.\",\"breadcrumb\":{\"@id\":\"http:\\\/\\\/grupospin.es\\\/spin-empresa-de-reformas\\\/#breadcrumb\"},\"inLanguage\":\"en-GB\",\"potentialAction\":[{\"@type\":\"ReadAction\",\"target\":[\"http:\\\/\\\/grupospin.es\\\/spin-empresa-de-reformas\\\/\"]}]},{\"@type\":\"ImageObject\",\"inLanguage\":\"en-GB\",\"@id\":\"http:\\\/\\\/grupospin.es\\\/spin-empresa-de-reformas\\\/#primaryimage\",\"url\":\"https:\\\/\\\/grupospin.es\\\/wp-content\\\/uploads\\\/2020\\\/05\\\/servicios-1.jpg\",\"contentUrl\":\"https:\\\/\\\/grupospin.es\\\/wp-content\\\/uploads\\\/2020\\\/05\\\/servicios-1.jpg\",\"width\":1200,\"height\":900},{\"@type\":\"BreadcrumbList\",\"@id\":\"http:\\\/\\\/grupospin.es\\\/spin-empresa-de-reformas\\\/#breadcrumb\",\"itemListElement\":[{\"@type\":\"ListItem\",\"position\":1,\"name\":\"Portada\",\"item\":\"https:\\\/\\\/grupospin.es\\\/\"},{\"@type\":\"ListItem\",\"position\":2,\"name\":\"Especializaci\u00f3n y experiencia\"}]},{\"@type\":\"WebSite\",\"@id\":\"https:\\\/\\\/grupospin.es\\\/#website\",\"url\":\"https:\\\/\\\/grupospin.es\\\/\",\"name\":\"Grupo Spin\",\"description\":\"Grupo Spin\",\"publisher\":{\"@id\":\"https:\\\/\\\/grupospin.es\\\/#organization\"},\"potentialAction\":[{\"@type\":\"SearchAction\",\"target\":{\"@type\":\"EntryPoint\",\"urlTemplate\":\"https:\\\/\\\/grupospin.es\\\/?s={search_term_string}\"},\"query-input\":{\"@type\":\"PropertyValueSpecification\",\"valueRequired\":true,\"valueName\":\"search_term_string\"}}],\"inLanguage\":\"en-GB\"},{\"@type\":\"Organization\",\"@id\":\"https:\\\/\\\/grupospin.es\\\/#organization\",\"name\":\"Gruop Spin\",\"url\":\"https:\\\/\\\/grupospin.es\\\/\",\"logo\":{\"@type\":\"ImageObject\",\"inLanguage\":\"en-GB\",\"@id\":\"https:\\\/\\\/grupospin.es\\\/#\\\/schema\\\/logo\\\/image\\\/\",\"url\":\"https:\\\/\\\/grupospin.es\\\/wp-content\\\/uploads\\\/2019\\\/11\\\/LOGOSPIN.svg\",\"contentUrl\":\"https:\\\/\\\/grupospin.es\\\/wp-content\\\/uploads\\\/2019\\\/11\\\/LOGOSPIN.svg\",\"caption\":\"Gruop Spin\"},\"image\":{\"@id\":\"https:\\\/\\\/grupospin.es\\\/#\\\/schema\\\/logo\\\/image\\\/\"}}]}<\/script>\n<!-- \/ Yoast SEO plugin. -->","yoast_head_json":{"title":"Especializaci\u00f3n y experiencia - Grupo Spin","description":"Empresa de reformas y construcciones Spin, un equipo multidisciplinar con m\u00e1s de 20 a\u00f1os de experiencia al servicio del crecimiento de nuestros clientes.","robots":{"index":"index","follow":"follow","max-snippet":"max-snippet:-1","max-image-preview":"max-image-preview:large","max-video-preview":"max-video-preview:-1"},"canonical":"http:\/\/grupospin.es\/en\/spin-empresa-de-reformas\/","og_locale":"en_GB","og_type":"article","og_title":"Especializaci\u00f3n y experiencia - Grupo Spin","og_description":"Empresa de reformas y construcciones Spin, un equipo multidisciplinar con m\u00e1s de 20 a\u00f1os de experiencia al servicio del crecimiento de nuestros clientes.","og_url":"http:\/\/grupospin.es\/en\/spin-empresa-de-reformas\/","og_site_name":"Grupo Spin","article_modified_time":"2020-05-18T20:50:08+00:00","og_image":[{"width":1200,"height":900,"url":"http:\/\/grupospin.es\/wp-content\/uploads\/2020\/05\/servicios-1.jpg","type":"image\/jpeg"}],"twitter_card":"summary_large_image","twitter_misc":{"Estimated reading time":"2 minutes"},"schema":{"@context":"https:\/\/schema.org","@graph":[{"@type":"WebPage","@id":"http:\/\/grupospin.es\/spin-empresa-de-reformas\/","url":"http:\/\/grupospin.es\/spin-empresa-de-reformas\/","name":"Especializaci\u00f3n y experiencia - Grupo Spin","isPartOf":{"@id":"https:\/\/grupospin.es\/#website"},"primaryImageOfPage":{"@id":"http:\/\/grupospin.es\/spin-empresa-de-reformas\/#primaryimage"},"image":{"@id":"http:\/\/grupospin.es\/spin-empresa-de-reformas\/#primaryimage"},"thumbnailUrl":"https:\/\/grupospin.es\/wp-content\/uploads\/2020\/05\/servicios-1.jpg","datePublished":"2019-11-27T16:51:18+00:00","dateModified":"2020-05-18T20:50:08+00:00","description":"Empresa de reformas y construcciones Spin, un equipo multidisciplinar con m\u00e1s de 20 a\u00f1os de experiencia al servicio del crecimiento de nuestros clientes.","breadcrumb":{"@id":"http:\/\/grupospin.es\/spin-empresa-de-reformas\/#breadcrumb"},"inLanguage":"en-GB","potentialAction":[{"@type":"ReadAction","target":["http:\/\/grupospin.es\/spin-empresa-de-reformas\/"]}]},{"@type":"ImageObject","inLanguage":"en-GB","@id":"http:\/\/grupospin.es\/spin-empresa-de-reformas\/#primaryimage","url":"https:\/\/grupospin.es\/wp-content\/uploads\/2020\/05\/servicios-1.jpg","contentUrl":"https:\/\/grupospin.es\/wp-content\/uploads\/2020\/05\/servicios-1.jpg","width":1200,"height":900},{"@type":"BreadcrumbList","@id":"http:\/\/grupospin.es\/spin-empresa-de-reformas\/#breadcrumb","itemListElement":[{"@type":"ListItem","position":1,"name":"Portada","item":"https:\/\/grupospin.es\/"},{"@type":"ListItem","position":2,"name":"Especializaci\u00f3n y experiencia"}]},{"@type":"WebSite","@id":"https:\/\/grupospin.es\/#website","url":"https:\/\/grupospin.es\/","name":"Spin Group","description":"Spin Group","publisher":{"@id":"https:\/\/grupospin.es\/#organization"},"potentialAction":[{"@type":"SearchAction","target":{"@type":"EntryPoint","urlTemplate":"https:\/\/grupospin.es\/?s={search_term_string}"},"query-input":{"@type":"PropertyValueSpecification","valueRequired":true,"valueName":"search_term_string"}}],"inLanguage":"en-GB"},{"@type":"Organization","@id":"https:\/\/grupospin.es\/#organization","name":"Grupop Spin","url":"https:\/\/grupospin.es\/","logo":{"@type":"ImageObject","inLanguage":"en-GB","@id":"https:\/\/grupospin.es\/#\/schema\/logo\/image\/","url":"https:\/\/grupospin.es\/wp-content\/uploads\/2019\/11\/LOGOSPIN.svg","contentUrl":"https:\/\/grupospin.es\/wp-content\/uploads\/2019\/11\/LOGOSPIN.svg","caption":"Gruop Spin"},"image":{"@id":"https:\/\/grupospin.es\/#\/schema\/logo\/image\/"}}]}},"_links":{"self":[{"href":"https:\/\/grupospin.es\/en\/wp-json\/wp\/v2\/pages\/33","targetHints":{"allow":["GET"]}}],"collection":[{"href":"https:\/\/grupospin.es\/en\/wp-json\/wp\/v2\/pages"}],"about":[{"href":"https:\/\/grupospin.es\/en\/wp-json\/wp\/v2\/types\/page"}],"author":[{"embeddable":true,"href":"https:\/\/grupospin.es\/en\/wp-json\/wp\/v2\/users\/4"}],"replies":[{"embeddable":true,"href":"https:\/\/grupospin.es\/en\/wp-json\/wp\/v2\/comments?post=33"}],"version-history":[{"count":22,"href":"https:\/\/grupospin.es\/en\/wp-json\/wp\/v2\/pages\/33\/revisions"}],"predecessor-version":[{"id":944,"href":"https:\/\/grupospin.es\/en\/wp-json\/wp\/v2\/pages\/33\/revisions\/944"}],"wp:featuredmedia":[{"embeddable":true,"href":"https:\/\/grupospin.es\/en\/wp-json\/wp\/v2\/media\/877"}],"wp:attachment":[{"href":"https:\/\/grupospin.es\/en\/wp-json\/wp\/v2\/media?parent=33"}],"curies":[{"name":"wp","href":"https:\/\/api.w.org\/{rel}","templated":true}]}}